{"id":242,"date":"2020-12-20T07:18:43","date_gmt":"2020-12-20T07:18:43","guid":{"rendered":"https:\/\/www.pinguboerse.ch\/?page_id=242"},"modified":"2025-11-10T12:45:14","modified_gmt":"2025-11-10T12:45:14","slug":"homepage","status":"publish","type":"page","link":"https:\/\/www.pinguboerse.ch\/","title":{"rendered":"Kinderkleider- und Spielzeugb\u00f6rse Pingu"},"content":{"rendered":"\n<h1 class=\"wp-block-heading\">Wir suchen dringend Vorstandsmitglieder!<\/h1>\n\n\n\n<figure class=\"wp-block-image size-full is-resized is-style-default\"><a href=\"https:\/\/www.pinguboerse.ch\/wp-content\/uploads\/2025\/11\/Flyer_neuesVorstandsmitglied.pdf\"><img loading=\"lazy\" decoding=\"async\" width=\"1810\" height=\"2560\" src=\"https:\/\/www.pinguboerse.ch\/wp-content\/uploads\/2025\/11\/Flyer_neuesVorstandsmitglied-2-scaled.jpg\" alt=\"\" class=\"wp-image-1112\" style=\"aspect-ratio:1;object-fit:cover;width:615px;height:auto\" srcset=\"https:\/\/www.pinguboerse.ch\/wp-content\/uploads\/2025\/11\/Flyer_neuesVorstandsmitglied-2-scaled.jpg 1810w, https:\/\/www.pinguboerse.ch\/wp-content\/uploads\/2025\/11\/Flyer_neuesVorstandsmitglied-2-212x300.jpg 212w, https:\/\/www.pinguboerse.ch\/wp-content\/uploads\/2025\/11\/Flyer_neuesVorstandsmitglied-2-724x1024.jpg 724w, https:\/\/www.pinguboerse.ch\/wp-content\/uploads\/2025\/11\/Flyer_neuesVorstandsmitglied-2-768x1086.jpg 768w, https:\/\/www.pinguboerse.ch\/wp-content\/uploads\/2025\/11\/Flyer_neuesVorstandsmitglied-2-1086x1536.jpg 1086w, https:\/\/www.pinguboerse.ch\/wp-content\/uploads\/2025\/11\/Flyer_neuesVorstandsmitglied-2-1448x2048.jpg 1448w\" sizes=\"auto, (max-width: 1810px) 100vw, 1810px\" \/><\/a><\/figure>\n\n\n\n<h2 class=\"wp-block-heading\"><\/h2>\n\n\n\n<div style=\"height:33px\" aria-hidden=\"true\" class=\"wp-block-spacer\"><\/div>\n\n\n\n<h1 class=\"wp-block-heading\"><strong>Fr\u00fchlingsb\u00f6rse<\/strong><br><strong>Samstag, 14. <\/strong>M\u00e4rz 2026<\/h1>\n\n\n\n<div style=\"height:9px\" aria-hidden=\"true\" class=\"wp-block-spacer\"><\/div>\n\n\n\n<h4 class=\"wp-block-heading\"><strong>Freizeitanlage Vial, Domat\/Ems<\/strong><\/h4>\n\n\n\n<div style=\"height:21px\" aria-hidden=\"true\" class=\"wp-block-spacer\"><\/div>\n\n\n\n<p><strong>Warenannahme<\/strong><br>Samstag, 14. M\u00e4rz 2026, 8.30\u201310.30 Uhr<\/p>\n\n\n\n<p><strong>\u00d6ffentlicher Verkauf<\/strong><br>Samstag, 14. M\u00e4rz 2026, 14.00\u201316.00 Uhr<\/p>\n\n\n\n<p><strong>Auszahlung und R\u00fcckgabe<\/strong><br>Samstag, 14. M\u00e4rz 2026, 18.00\u201318.30 Uhr<\/p>\n\n\n\n<p><\/p>\n\n\n\n<p><\/p>\n\n\n\n<div style=\"height:13px\" aria-hidden=\"true\" class=\"wp-block-spacer\"><\/div>\n\n\n\n<h4 class=\"wp-block-heading\"><strong>Was wird an der Fr\u00fchlingsb\u00f6rse verkauft?<\/strong><\/h4>\n\n\n\n<p>Fr\u00fchlings- und Sommerkleider bis Gr\u00f6sse 176, Sport-, Outdoor- und Wanderkleidung, Umstandsmode, Sandalen, Sneaker, Wanderschuhe, Hausschuhe (bis Gr\u00f6sse 40), Badekleidung, Sommerh\u00fcte, Spielsachen und B\u00fccher.<\/p>\n\n\n\n<p>Kickboards, Fahrr\u00e4der, Inline-Skates, Dreir\u00e4der, Rutschautos, Helme und Schutzausr\u00fcstung, Schwimmhilfen, Tauch-\/Schnorchelsachen, Sandkasten-Spielsachen, Unihockey, Fischernetze.<\/p>\n\n\n\n<p>Kinderwagen, Buggys, Autositze, Maxicosi, Velositze.<\/p>\n\n\n\n<p>Tragehlifen, Hochst\u00fchle, Absperrgitter, Reisebetten, Schlafs\u00e4cke, Deko f\u00fcr<br>Kinderzimmer, Kinderrucks\u00e4cke, (Nacht-)Lampen und div. Babysachen.<\/p>\n\n\n\n<p><\/p>\n\n\n\n<figure class=\"wp-block-image size-full is-resized is-style-default\"><img loading=\"lazy\" decoding=\"async\" width=\"900\" height=\"600\" src=\"https:\/\/www.pinguboerse.ch\/wp-content\/uploads\/2021\/06\/Kleider.jpg\" alt=\"\" class=\"wp-image-450\" srcset=\"https:\/\/www.pinguboerse.ch\/wp-content\/uploads\/2021\/06\/Kleider.jpg 900w, https:\/\/www.pinguboerse.ch\/wp-content\/uploads\/2021\/06\/Kleider-300x200.jpg 300w, https:\/\/www.pinguboerse.ch\/wp-content\/uploads\/2021\/06\/Kleider-768x512.jpg 768w\" sizes=\"auto, (max-width: 900px) 100vw, 900px\" \/><\/figure>\n\n\n\n<div style=\"height:28px\" aria-hidden=\"true\" class=\"wp-block-spacer\"><\/div>\n\n\n\n<h4 class=\"wp-block-heading\"><strong>M\u00f6chtest du Ware verkaufen?<\/strong><\/h4>\n\n\n\n<p>Die Kinderkleider- &amp; Spielzeugb\u00f6rse Pingu arbeitet mit der B\u00f6rsen-Software Basarlino. Um Artikel bei uns verkaufen zu k\u00f6nnen, musst du dich <a href=\"https:\/\/basarlino.de\/PA44\" target=\"_blank\" rel=\"noreferrer noopener\">hier<\/a> registrieren. <\/p>\n\n\n\n<p><\/p>\n\n\n\n<div style=\"height:30px\" aria-hidden=\"true\" class=\"wp-block-spacer\"><\/div>\n\n\n\n<p><strong><a href=\"https:\/\/www.pinguboerse.ch\/wp-content\/uploads\/2024\/01\/Anleitung-basarlino.pdf\">Anleitung Basarlino-App<\/a><\/strong><\/p>\n\n\n\n<p><a href=\"https:\/\/www.pinguboerse.ch\/wp-content\/uploads\/2024\/01\/Was-wird-angenommen.pdf\">Welche Artikel werden angenommen<\/a><\/p>\n\n\n\n<div style=\"height:24px\" aria-hidden=\"true\" class=\"wp-block-spacer\"><\/div>\n\n\n\n<h4 class=\"wp-block-heading\"><strong>M\u00f6chtest du aktiv mitwirken?<\/strong><\/h4>\n\n\n\n<p id=\"block-4975a4dd-c463-4fd8-988e-9fa8c40678eb\">Wir suchen laufend neue <strong><a href=\"https:\/\/www.pinguboerse.ch\/index.php\/anmeldung-helfer-innen\/\" target=\"_blank\" rel=\"noreferrer noopener\">Helfer-\/innen<\/a>.<\/strong><br>Profitiere von unserem Vorverkauf.<\/p>\n\n\n\n<div style=\"height:36px\" aria-hidden=\"true\" class=\"wp-block-spacer\"><\/div>\n","protected":false},"excerpt":{"rendered":"<p>Wir suchen dringend Vorstandsmitglieder! Fr\u00fchlingsb\u00f6rseSamstag, 14. M\u00e4rz 2026 Freizeitanlage Vial, Domat\/Ems WarenannahmeSamstag, 14. M\u00e4rz 2026, 8.30\u201310.30 Uhr \u00d6ffentlicher VerkaufSamstag, 14. M\u00e4rz 2026, 14.00\u201316.00 Uhr Auszahlung und R\u00fcckgabeSamstag, 14. M\u00e4rz 2026, 18.00\u201318.30 Uhr Was wird an der Fr\u00fchlingsb\u00f6rse verkauft? Fr\u00fchlings- und &hellip; <a href=\"https:\/\/www.pinguboerse.ch\/\">Weiterlesen <span class=\"meta-nav\">&rarr;<\/span><\/a><\/p>\n","protected":false},"author":1,"featured_media":0,"parent":0,"menu_order":0,"comment_status":"closed","ping_status":"closed","template":"","meta":{"_themeisle_gutenberg_block_has_review":false,"footnotes":""},"class_list":["post-242","page","type-page","status-publish","hentry"],"yoast_head":"<!-- This site is optimized with the Yoast SEO plugin v21.7 - https:\/\/yoast.com\/wordpress\/plugins\/seo\/ -->\n<title>Kinderkleider- und Spielzeugb\u00f6rse Pingu - Pingub\u00f6rse<\/title>\n<meta name=\"description\" content=\"Jedes Jahr im Fr\u00fchling und im Herbst organisieren wir eine Kinderkleider- und Spielzeugb\u00f6rse. Gebrauchte Kinderkleider aber auch Velos, Autositze, Buggys, Sportartikel, Spiele und vieles mehr finden an unserer B\u00f6rse zufriedene Abnehmer.\" \/>\n<meta name=\"robots\" content=\"index, follow, max-snippet:-1, max-image-preview:large, max-video-preview:-1\" \/>\n<link rel=\"canonical\" href=\"https:\/\/www.pinguboerse.ch\/\" \/>\n<meta property=\"og:locale\" content=\"de_DE\" \/>\n<meta property=\"og:type\" content=\"article\" \/>\n<meta property=\"og:title\" content=\"Kinderkleider- und Spielzeugb\u00f6rse Pingu - Pingub\u00f6rse\" \/>\n<meta property=\"og:description\" content=\"Jedes Jahr im Fr\u00fchling und im Herbst organisieren wir eine Kinderkleider- und Spielzeugb\u00f6rse. Gebrauchte Kinderkleider aber auch Velos, Autositze, Buggys, Sportartikel, Spiele und vieles mehr finden an unserer B\u00f6rse zufriedene Abnehmer.\" \/>\n<meta property=\"og:url\" content=\"https:\/\/www.pinguboerse.ch\/\" \/>\n<meta property=\"og:site_name\" content=\"Pingub\u00f6rse\" \/>\n<meta property=\"article:publisher\" content=\"https:\/\/de-de.facebook.com\/Pinguboerse\/\" \/>\n<meta property=\"article:modified_time\" content=\"2025-11-10T12:45:14+00:00\" \/>\n<meta property=\"og:image\" content=\"https:\/\/www.pinguboerse.ch\/wp-content\/uploads\/2025\/11\/Flyer_neuesVorstandsmitglied-2-scaled.jpg\" \/>\n<meta name=\"twitter:card\" content=\"summary_large_image\" \/>\n<meta name=\"twitter:label1\" content=\"Gesch\u00e4tzte Lesezeit\" \/>\n\t<meta name=\"twitter:data1\" content=\"2\u00a0Minuten\" \/>\n<script type=\"application\/ld+json\" class=\"yoast-schema-graph\">{\"@context\":\"https:\/\/schema.org\",\"@graph\":[{\"@type\":\"WebPage\",\"@id\":\"https:\/\/www.pinguboerse.ch\/\",\"url\":\"https:\/\/www.pinguboerse.ch\/\",\"name\":\"Kinderkleider- und Spielzeugb\u00f6rse Pingu - Pingub\u00f6rse\",\"isPartOf\":{\"@id\":\"https:\/\/www.pinguboerse.ch\/#website\"},\"datePublished\":\"2020-12-20T07:18:43+00:00\",\"dateModified\":\"2025-11-10T12:45:14+00:00\",\"description\":\"Jedes Jahr im Fr\u00fchling und im Herbst organisieren wir eine Kinderkleider- und Spielzeugb\u00f6rse. Gebrauchte Kinderkleider aber auch Velos, Autositze, Buggys, Sportartikel, Spiele und vieles mehr finden an unserer B\u00f6rse zufriedene Abnehmer.\",\"breadcrumb\":{\"@id\":\"https:\/\/www.pinguboerse.ch\/#breadcrumb\"},\"inLanguage\":\"de\",\"potentialAction\":[{\"@type\":\"ReadAction\",\"target\":[\"https:\/\/www.pinguboerse.ch\/\"]}]},{\"@type\":\"BreadcrumbList\",\"@id\":\"https:\/\/www.pinguboerse.ch\/#breadcrumb\",\"itemListElement\":[{\"@type\":\"ListItem\",\"position\":1,\"name\":\"Startseite\",\"item\":\"https:\/\/www.pinguboerse.ch\/\"},{\"@type\":\"ListItem\",\"position\":2,\"name\":\"Kinderkleider- und Spielzeugb\u00f6rse Pingu\"}]},{\"@type\":\"WebSite\",\"@id\":\"https:\/\/www.pinguboerse.ch\/#website\",\"url\":\"https:\/\/www.pinguboerse.ch\/\",\"name\":\"Fr\u00fchling und Herbst\",\"description\":\"Fr\u00fchling &amp; Herbst in Domat\/Ems\",\"potentialAction\":[{\"@type\":\"SearchAction\",\"target\":{\"@type\":\"EntryPoint\",\"urlTemplate\":\"https:\/\/www.pinguboerse.ch\/?s={search_term_string}\"},\"query-input\":\"required name=search_term_string\"}],\"inLanguage\":\"de\"}]}<\/script>\n<!-- \/ Yoast SEO plugin. -->","yoast_head_json":{"title":"Kinderkleider- und Spielzeugb\u00f6rse Pingu - Pingub\u00f6rse","description":"Jedes Jahr im Fr\u00fchling und im Herbst organisieren wir eine Kinderkleider- und Spielzeugb\u00f6rse. Gebrauchte Kinderkleider aber auch Velos, Autositze, Buggys, Sportartikel, Spiele und vieles mehr finden an unserer B\u00f6rse zufriedene Abnehmer.","robots":{"index":"index","follow":"follow","max-snippet":"max-snippet:-1","max-image-preview":"max-image-preview:large","max-video-preview":"max-video-preview:-1"},"canonical":"https:\/\/www.pinguboerse.ch\/","og_locale":"de_DE","og_type":"article","og_title":"Kinderkleider- und Spielzeugb\u00f6rse Pingu - Pingub\u00f6rse","og_description":"Jedes Jahr im Fr\u00fchling und im Herbst organisieren wir eine Kinderkleider- und Spielzeugb\u00f6rse. Gebrauchte Kinderkleider aber auch Velos, Autositze, Buggys, Sportartikel, Spiele und vieles mehr finden an unserer B\u00f6rse zufriedene Abnehmer.","og_url":"https:\/\/www.pinguboerse.ch\/","og_site_name":"Pingub\u00f6rse","article_publisher":"https:\/\/de-de.facebook.com\/Pinguboerse\/","article_modified_time":"2025-11-10T12:45:14+00:00","og_image":[{"url":"https:\/\/www.pinguboerse.ch\/wp-content\/uploads\/2025\/11\/Flyer_neuesVorstandsmitglied-2-scaled.jpg"}],"twitter_card":"summary_large_image","twitter_misc":{"Gesch\u00e4tzte Lesezeit":"2\u00a0Minuten"},"schema":{"@context":"https:\/\/schema.org","@graph":[{"@type":"WebPage","@id":"https:\/\/www.pinguboerse.ch\/","url":"https:\/\/www.pinguboerse.ch\/","name":"Kinderkleider- und Spielzeugb\u00f6rse Pingu - Pingub\u00f6rse","isPartOf":{"@id":"https:\/\/www.pinguboerse.ch\/#website"},"datePublished":"2020-12-20T07:18:43+00:00","dateModified":"2025-11-10T12:45:14+00:00","description":"Jedes Jahr im Fr\u00fchling und im Herbst organisieren wir eine Kinderkleider- und Spielzeugb\u00f6rse. Gebrauchte Kinderkleider aber auch Velos, Autositze, Buggys, Sportartikel, Spiele und vieles mehr finden an unserer B\u00f6rse zufriedene Abnehmer.","breadcrumb":{"@id":"https:\/\/www.pinguboerse.ch\/#breadcrumb"},"inLanguage":"de","potentialAction":[{"@type":"ReadAction","target":["https:\/\/www.pinguboerse.ch\/"]}]},{"@type":"BreadcrumbList","@id":"https:\/\/www.pinguboerse.ch\/#breadcrumb","itemListElement":[{"@type":"ListItem","position":1,"name":"Startseite","item":"https:\/\/www.pinguboerse.ch\/"},{"@type":"ListItem","position":2,"name":"Kinderkleider- und Spielzeugb\u00f6rse Pingu"}]},{"@type":"WebSite","@id":"https:\/\/www.pinguboerse.ch\/#website","url":"https:\/\/www.pinguboerse.ch\/","name":"Fr\u00fchling und Herbst","description":"Fr\u00fchling &amp; Herbst in Domat\/Ems","potentialAction":[{"@type":"SearchAction","target":{"@type":"EntryPoint","urlTemplate":"https:\/\/www.pinguboerse.ch\/?s={search_term_string}"},"query-input":"required name=search_term_string"}],"inLanguage":"de"}]}},"_links":{"self":[{"href":"https:\/\/www.pinguboerse.ch\/index.php\/wp-json\/wp\/v2\/pages\/242","targetHints":{"allow":["GET"]}}],"collection":[{"href":"https:\/\/www.pinguboerse.ch\/index.php\/wp-json\/wp\/v2\/pages"}],"about":[{"href":"https:\/\/www.pinguboerse.ch\/index.php\/wp-json\/wp\/v2\/types\/page"}],"author":[{"embeddable":true,"href":"https:\/\/www.pinguboerse.ch\/index.php\/wp-json\/wp\/v2\/users\/1"}],"replies":[{"embeddable":true,"href":"https:\/\/www.pinguboerse.ch\/index.php\/wp-json\/wp\/v2\/comments?post=242"}],"version-history":[{"count":256,"href":"https:\/\/www.pinguboerse.ch\/index.php\/wp-json\/wp\/v2\/pages\/242\/revisions"}],"predecessor-version":[{"id":1115,"href":"https:\/\/www.pinguboerse.ch\/index.php\/wp-json\/wp\/v2\/pages\/242\/revisions\/1115"}],"wp:attachment":[{"href":"https:\/\/www.pinguboerse.ch\/index.php\/wp-json\/wp\/v2\/media?parent=242"}],"curies":[{"name":"wp","href":"https:\/\/api.w.org\/{rel}","templated":true}]}}