{"id":356,"date":"2021-05-16T12:37:21","date_gmt":"2021-05-16T12:37:21","guid":{"rendered":"https:\/\/www.pinguboerse.ch\/?page_id=356"},"modified":"2024-01-08T16:27:41","modified_gmt":"2024-01-08T16:27:41","slug":"anmeldung-helfer-innen","status":"publish","type":"page","link":"https:\/\/www.pinguboerse.ch\/index.php\/anmeldung-helfer-innen\/","title":{"rendered":"Anmeldung HelferInnen"},"content":{"rendered":"\n<p><\/p>\n\n\n\n<figure class=\"wp-block-image size-large is-resized is-style-default\"><img loading=\"lazy\" decoding=\"async\" width=\"1024\" height=\"384\" src=\"https:\/\/www.pinguboerse.ch\/wp-content\/uploads\/2023\/01\/Header_Sommer2-1024x384.jpg\" alt=\"\" class=\"wp-image-819\" style=\"width:600px\" srcset=\"https:\/\/www.pinguboerse.ch\/wp-content\/uploads\/2023\/01\/Header_Sommer2-1024x384.jpg 1024w, https:\/\/www.pinguboerse.ch\/wp-content\/uploads\/2023\/01\/Header_Sommer2-300x113.jpg 300w, https:\/\/www.pinguboerse.ch\/wp-content\/uploads\/2023\/01\/Header_Sommer2-768x288.jpg 768w, https:\/\/www.pinguboerse.ch\/wp-content\/uploads\/2023\/01\/Header_Sommer2-1536x576.jpg 1536w, https:\/\/www.pinguboerse.ch\/wp-content\/uploads\/2023\/01\/Header_Sommer2.jpg 1920w\" sizes=\"auto, (max-width: 1024px) 100vw, 1024px\" \/><\/figure>\n\n\n\n<div style=\"height:7px\" aria-hidden=\"true\" class=\"wp-block-spacer\"><\/div>\n\n\n\n<h4 class=\"wp-block-heading\"><strong>M\u00f6chtest du aktiv an der B\u00f6rse mithelfen?<\/strong><\/h4>\n\n\n\n<div style=\"height:16px\" aria-hidden=\"true\" class=\"wp-block-spacer\"><\/div>\n\n\n\n<p>Die Kinderkleider- und Spielzeugb\u00f6rse Pingu ist ein mittelgrosser Anlass, welcher viele motivierte und tatkr\u00e4ftige <strong>Helfer-\/innen<\/strong> ben\u00f6tigt. Nur dank der Unterst\u00fctzung der freiwilligen Helfer kann die B\u00f6rse \u00fcberhaupt durchgef\u00fchrt werden. <\/p>\n\n\n\n<p>Die Aufgabe unserer Helfer bestehen haupts\u00e4chlich darin die vielen Kleidungsst\u00fccke und Artikel von den Kunden anzunehmen, ordentlich und richtig sortiert auf den Verkaufstischen zu pr\u00e4sentieren und f\u00fcr einen reibungslosen B\u00f6rsenablauf zu sorgen. Auch im B\u00fcro und in der Kaffeestube ben\u00f6tigen wir einige Helfer.<\/p>\n\n\n\n<p>Wir sind auf jede Helferanmeldung angewiesen, damit es wieder eine erfolgreiche Kinderkleider- und Spielzeugb\u00f6rse wird!<\/p>\n\n\n\n<p><strong>Alle Helfer, die im Einsatz sind, werden belohnt:<\/strong><\/p>\n\n\n\n<ul class=\"wp-block-list\">\n<li><strong>Einlass zum Vorverkauf nur f\u00fcr Helfer jeweils am B\u00f6rsensamstag <\/strong><\/li>\n\n\n\n<li><strong>gratis Mittagessen am B\u00f6rsensamstag<\/strong><\/li>\n\n\n\n<li><strong>Einladung zum Infoabend und Helferessen<\/strong><\/li>\n<\/ul>\n\n\n\n<div style=\"height:29px\" aria-hidden=\"true\" class=\"wp-block-spacer\"><\/div>\n\n\n\n<h1 class=\"wp-block-heading\"><strong>Anmeldung Helfer-\/innen<\/strong><\/h1>\n\n\n\n<p><strong>Bitte kontrollieren Sie Ihren Spam-Ordner, leider landen unsere Antwortmails teilweise im Spam!<\/strong><\/p>\n\n\n\n<div style=\"height:30px\" aria-hidden=\"true\" class=\"wp-block-spacer\"><\/div>\n\n\n\n<div class=\"wp-block-contact-form-7-contact-form-selector\">\n<div class=\"wpcf7 no-js\" id=\"wpcf7-f413-o1\" lang=\"de-DE\" dir=\"ltr\" data-wpcf7-id=\"413\">\n<div class=\"screen-reader-response\"><p role=\"status\" aria-live=\"polite\" aria-atomic=\"true\"><\/p> <ul><\/ul><\/div>\n<form action=\"\/index.php\/wp-json\/wp\/v2\/pages\/356#wpcf7-f413-o1\" method=\"post\" class=\"wpcf7-form init\" aria-label=\"Kontaktformular\" novalidate=\"novalidate\" data-status=\"init\">\n<fieldset class=\"hidden-fields-container\"><input type=\"hidden\" name=\"_wpcf7\" value=\"413\" \/><input type=\"hidden\" name=\"_wpcf7_version\" value=\"6.1.5\" \/><input type=\"hidden\" name=\"_wpcf7_locale\" value=\"de_DE\" \/><input type=\"hidden\" name=\"_wpcf7_unit_tag\" value=\"wpcf7-f413-o1\" \/><input type=\"hidden\" name=\"_wpcf7_container_post\" value=\"0\" \/><input type=\"hidden\" name=\"_wpcf7_posted_data_hash\" value=\"\" \/>\n<\/fieldset>\n<p><label> Vor-\/Nachname<br \/>\n<span class=\"wpcf7-form-control-wrap\" data-name=\"your-name\"><input size=\"40\" maxlength=\"400\" class=\"wpcf7-form-control wpcf7-text wpcf7-validates-as-required\" aria-required=\"true\" aria-invalid=\"false\" value=\"\" type=\"text\" name=\"your-name\" \/><\/span> <\/label>\n<\/p>\n<p><label> Strasse<br \/>\n<span class=\"wpcf7-form-control-wrap\" data-name=\"your-adress\"><input size=\"40\" maxlength=\"400\" class=\"wpcf7-form-control wpcf7-text wpcf7-validates-as-required\" aria-required=\"true\" aria-invalid=\"false\" value=\"\" type=\"text\" name=\"your-adress\" \/><\/span> <\/label>\n<\/p>\n<p><label> PLZ\/Wohnort<br \/>\n<span class=\"wpcf7-form-control-wrap\" data-name=\"your-place\"><input size=\"40\" maxlength=\"400\" class=\"wpcf7-form-control wpcf7-text wpcf7-validates-as-required\" aria-required=\"true\" aria-invalid=\"false\" value=\"\" type=\"text\" name=\"your-place\" \/><\/span> <\/label>\n<\/p>\n<p><label> E-Mail-Adresse<br \/>\n<span class=\"wpcf7-form-control-wrap\" data-name=\"your-email\"><input size=\"40\" maxlength=\"400\" class=\"wpcf7-form-control wpcf7-email wpcf7-validates-as-required wpcf7-text wpcf7-validates-as-email\" aria-required=\"true\" aria-invalid=\"false\" value=\"\" type=\"email\" name=\"your-email\" \/><\/span> <\/label>\n<\/p>\n<p><label> Telefon-Nr.<br \/>\n<span class=\"wpcf7-form-control-wrap\" data-name=\"tel-263\"><input size=\"40\" maxlength=\"400\" class=\"wpcf7-form-control wpcf7-tel wpcf7-text wpcf7-validates-as-tel\" aria-invalid=\"false\" value=\"\" type=\"tel\" name=\"tel-263\" \/><\/span> <\/label>\n<\/p>\n<p><label> Deine Nachricht<br \/>\n<span class=\"wpcf7-form-control-wrap\" data-name=\"your-message\"><textarea cols=\"40\" rows=\"10\" maxlength=\"2000\" class=\"wpcf7-form-control wpcf7-textarea\" aria-invalid=\"false\" name=\"your-message\"><\/textarea><\/span> <\/label>\n<\/p>\n<p><input class=\"wpcf7-form-control wpcf7-submit has-spinner\" type=\"submit\" value=\"Senden\" \/>\n<\/p><div class=\"wpcf7-response-output\" aria-hidden=\"true\"><\/div>\n<\/form>\n<\/div>\n<\/div>\n\n\n\n<p><\/p>\n","protected":false},"excerpt":{"rendered":"<p>M\u00f6chtest du aktiv an der B\u00f6rse mithelfen? Die Kinderkleider- und Spielzeugb\u00f6rse Pingu ist ein mittelgrosser Anlass, welcher viele motivierte und tatkr\u00e4ftige Helfer-\/innen ben\u00f6tigt. Nur dank der Unterst\u00fctzung der freiwilligen Helfer kann die B\u00f6rse \u00fcberhaupt durchgef\u00fchrt werden. Die Aufgabe unserer Helfer &hellip; <a href=\"https:\/\/www.pinguboerse.ch\/index.php\/anmeldung-helfer-innen\/\">Weiterlesen <span class=\"meta-nav\">&rarr;<\/span><\/a><\/p>\n","protected":false},"author":1,"featured_media":0,"parent":0,"menu_order":0,"comment_status":"closed","ping_status":"closed","template":"","meta":{"_themeisle_gutenberg_block_has_review":false,"footnotes":""},"class_list":["post-356","page","type-page","status-publish","hentry"],"yoast_head":"<!-- This site is optimized with the Yoast SEO plugin v21.7 - https:\/\/yoast.com\/wordpress\/plugins\/seo\/ -->\n<title>Anmeldung HelferInnen - Pingub\u00f6rse<\/title>\n<meta name=\"description\" content=\"Die Pingub\u00f6rse ist ein mittelgrosser Anlass, welcher viele motivierte und tatkr\u00e4ftige Helfer-\/innen ben\u00f6tigt.\" \/>\n<meta name=\"robots\" content=\"index, follow, max-snippet:-1, max-image-preview:large, max-video-preview:-1\" \/>\n<link rel=\"canonical\" href=\"https:\/\/www.pinguboerse.ch\/index.php\/anmeldung-helfer-innen\/\" \/>\n<meta property=\"og:locale\" content=\"de_DE\" \/>\n<meta property=\"og:type\" content=\"article\" \/>\n<meta property=\"og:title\" content=\"Anmeldung HelferInnen - Pingub\u00f6rse\" \/>\n<meta property=\"og:description\" content=\"Die Pingub\u00f6rse ist ein mittelgrosser Anlass, welcher viele motivierte und tatkr\u00e4ftige Helfer-\/innen ben\u00f6tigt.\" \/>\n<meta property=\"og:url\" content=\"https:\/\/www.pinguboerse.ch\/index.php\/anmeldung-helfer-innen\/\" \/>\n<meta property=\"og:site_name\" content=\"Pingub\u00f6rse\" \/>\n<meta property=\"article:publisher\" content=\"https:\/\/de-de.facebook.com\/Pinguboerse\/\" \/>\n<meta property=\"article:modified_time\" content=\"2024-01-08T16:27:41+00:00\" \/>\n<meta property=\"og:image\" content=\"https:\/\/www.pinguboerse.ch\/wp-content\/uploads\/2023\/01\/Header_Sommer2-1024x384.jpg\" \/>\n<meta name=\"twitter:card\" content=\"summary_large_image\" \/>\n<meta name=\"twitter:label1\" content=\"Gesch\u00e4tzte Lesezeit\" \/>\n\t<meta name=\"twitter:data1\" content=\"1\u00a0Minute\" \/>\n<script type=\"application\/ld+json\" class=\"yoast-schema-graph\">{\"@context\":\"https:\/\/schema.org\",\"@graph\":[{\"@type\":\"WebPage\",\"@id\":\"https:\/\/www.pinguboerse.ch\/index.php\/anmeldung-helfer-innen\/\",\"url\":\"https:\/\/www.pinguboerse.ch\/index.php\/anmeldung-helfer-innen\/\",\"name\":\"Anmeldung HelferInnen - Pingub\u00f6rse\",\"isPartOf\":{\"@id\":\"https:\/\/www.pinguboerse.ch\/#website\"},\"datePublished\":\"2021-05-16T12:37:21+00:00\",\"dateModified\":\"2024-01-08T16:27:41+00:00\",\"description\":\"Die Pingub\u00f6rse ist ein mittelgrosser Anlass, welcher viele motivierte und tatkr\u00e4ftige Helfer-\/innen ben\u00f6tigt.\",\"breadcrumb\":{\"@id\":\"https:\/\/www.pinguboerse.ch\/index.php\/anmeldung-helfer-innen\/#breadcrumb\"},\"inLanguage\":\"de\",\"potentialAction\":[{\"@type\":\"ReadAction\",\"target\":[\"https:\/\/www.pinguboerse.ch\/index.php\/anmeldung-helfer-innen\/\"]}]},{\"@type\":\"BreadcrumbList\",\"@id\":\"https:\/\/www.pinguboerse.ch\/index.php\/anmeldung-helfer-innen\/#breadcrumb\",\"itemListElement\":[{\"@type\":\"ListItem\",\"position\":1,\"name\":\"Startseite\",\"item\":\"https:\/\/www.pinguboerse.ch\/\"},{\"@type\":\"ListItem\",\"position\":2,\"name\":\"Anmeldung HelferInnen\"}]},{\"@type\":\"WebSite\",\"@id\":\"https:\/\/www.pinguboerse.ch\/#website\",\"url\":\"https:\/\/www.pinguboerse.ch\/\",\"name\":\"Fr\u00fchling und Herbst\",\"description\":\"Fr\u00fchling &amp; Herbst in Domat\/Ems\",\"potentialAction\":[{\"@type\":\"SearchAction\",\"target\":{\"@type\":\"EntryPoint\",\"urlTemplate\":\"https:\/\/www.pinguboerse.ch\/?s={search_term_string}\"},\"query-input\":\"required name=search_term_string\"}],\"inLanguage\":\"de\"}]}<\/script>\n<!-- \/ Yoast SEO plugin. -->","yoast_head_json":{"title":"Anmeldung HelferInnen - Pingub\u00f6rse","description":"Die Pingub\u00f6rse ist ein mittelgrosser Anlass, welcher viele motivierte und tatkr\u00e4ftige Helfer-\/innen ben\u00f6tigt.","robots":{"index":"index","follow":"follow","max-snippet":"max-snippet:-1","max-image-preview":"max-image-preview:large","max-video-preview":"max-video-preview:-1"},"canonical":"https:\/\/www.pinguboerse.ch\/index.php\/anmeldung-helfer-innen\/","og_locale":"de_DE","og_type":"article","og_title":"Anmeldung HelferInnen - Pingub\u00f6rse","og_description":"Die Pingub\u00f6rse ist ein mittelgrosser Anlass, welcher viele motivierte und tatkr\u00e4ftige Helfer-\/innen ben\u00f6tigt.","og_url":"https:\/\/www.pinguboerse.ch\/index.php\/anmeldung-helfer-innen\/","og_site_name":"Pingub\u00f6rse","article_publisher":"https:\/\/de-de.facebook.com\/Pinguboerse\/","article_modified_time":"2024-01-08T16:27:41+00:00","og_image":[{"url":"https:\/\/www.pinguboerse.ch\/wp-content\/uploads\/2023\/01\/Header_Sommer2-1024x384.jpg"}],"twitter_card":"summary_large_image","twitter_misc":{"Gesch\u00e4tzte Lesezeit":"1\u00a0Minute"},"schema":{"@context":"https:\/\/schema.org","@graph":[{"@type":"WebPage","@id":"https:\/\/www.pinguboerse.ch\/index.php\/anmeldung-helfer-innen\/","url":"https:\/\/www.pinguboerse.ch\/index.php\/anmeldung-helfer-innen\/","name":"Anmeldung HelferInnen - Pingub\u00f6rse","isPartOf":{"@id":"https:\/\/www.pinguboerse.ch\/#website"},"datePublished":"2021-05-16T12:37:21+00:00","dateModified":"2024-01-08T16:27:41+00:00","description":"Die Pingub\u00f6rse ist ein mittelgrosser Anlass, welcher viele motivierte und tatkr\u00e4ftige Helfer-\/innen ben\u00f6tigt.","breadcrumb":{"@id":"https:\/\/www.pinguboerse.ch\/index.php\/anmeldung-helfer-innen\/#breadcrumb"},"inLanguage":"de","potentialAction":[{"@type":"ReadAction","target":["https:\/\/www.pinguboerse.ch\/index.php\/anmeldung-helfer-innen\/"]}]},{"@type":"BreadcrumbList","@id":"https:\/\/www.pinguboerse.ch\/index.php\/anmeldung-helfer-innen\/#breadcrumb","itemListElement":[{"@type":"ListItem","position":1,"name":"Startseite","item":"https:\/\/www.pinguboerse.ch\/"},{"@type":"ListItem","position":2,"name":"Anmeldung HelferInnen"}]},{"@type":"WebSite","@id":"https:\/\/www.pinguboerse.ch\/#website","url":"https:\/\/www.pinguboerse.ch\/","name":"Fr\u00fchling und Herbst","description":"Fr\u00fchling &amp; Herbst in Domat\/Ems","potentialAction":[{"@type":"SearchAction","target":{"@type":"EntryPoint","urlTemplate":"https:\/\/www.pinguboerse.ch\/?s={search_term_string}"},"query-input":"required name=search_term_string"}],"inLanguage":"de"}]}},"_links":{"self":[{"href":"https:\/\/www.pinguboerse.ch\/index.php\/wp-json\/wp\/v2\/pages\/356","targetHints":{"allow":["GET"]}}],"collection":[{"href":"https:\/\/www.pinguboerse.ch\/index.php\/wp-json\/wp\/v2\/pages"}],"about":[{"href":"https:\/\/www.pinguboerse.ch\/index.php\/wp-json\/wp\/v2\/types\/page"}],"author":[{"embeddable":true,"href":"https:\/\/www.pinguboerse.ch\/index.php\/wp-json\/wp\/v2\/users\/1"}],"replies":[{"embeddable":true,"href":"https:\/\/www.pinguboerse.ch\/index.php\/wp-json\/wp\/v2\/comments?post=356"}],"version-history":[{"count":34,"href":"https:\/\/www.pinguboerse.ch\/index.php\/wp-json\/wp\/v2\/pages\/356\/revisions"}],"predecessor-version":[{"id":980,"href":"https:\/\/www.pinguboerse.ch\/index.php\/wp-json\/wp\/v2\/pages\/356\/revisions\/980"}],"wp:attachment":[{"href":"https:\/\/www.pinguboerse.ch\/index.php\/wp-json\/wp\/v2\/media?parent=356"}],"curies":[{"name":"wp","href":"https:\/\/api.w.org\/{rel}","templated":true}]}}