{"id":7,"date":"2020-12-16T16:10:58","date_gmt":"2020-12-16T16:10:58","guid":{"rendered":"https:\/\/www.pinguboerse.ch\/?page_id=7"},"modified":"2025-04-08T11:11:45","modified_gmt":"2025-04-08T11:11:45","slug":"ueber-uns","status":"publish","type":"page","link":"https:\/\/www.pinguboerse.ch\/index.php\/ueber-uns\/","title":{"rendered":"\u00dcber uns"},"content":{"rendered":"\n<h1 class=\"wp-block-heading\"><strong>Unser Verein<\/strong> <\/h1>\n\n\n\n<div style=\"height:15px\" aria-hidden=\"true\" class=\"wp-block-spacer\"><\/div>\n\n\n\n<p>Die Kinderkleider- und Spielzeugb\u00f6rse Pingu ist ein <strong>gemeinn\u00fctziger Verein<\/strong> in <strong>Domat\/Ems<\/strong>. Der Vorstand besteht aus <strong>Jeanette Kunz (Kassierin\/Vizepr\u00e4sidentin)<\/strong> <strong>und Dania Caduff<\/strong> <strong>(Aktuarin)<\/strong>. Wir organisieren jeweils im <strong>Fr\u00fchling <\/strong>und <strong>Herbst <\/strong>eine B\u00f6rse in der Dreifachturnhalle Vial.&nbsp;<\/p>\n\n\n\n<p>75% des Verkaufserl\u00f6ses bekommt der Kunde. 25% gehen zugunsten der Pingub\u00f6rse wobei der Reingewinn jeweils an <strong>gemeinn\u00fctzige Institut<\/strong>ionen gespendet wird.&nbsp;<\/p>\n\n\n\n<p>Der ganze Ablauf ist mit viel Arbeit verbunden, welche wir mit ca. <strong>50 freiwilligen Frauen <\/strong>verrichten. Diese arbeiten ehrenamtlich und erhalten von uns als Dankesch\u00f6n ein Abendessen nach der GV, sowie gratis Verpflegung (Mittagessen und Getr\u00e4nke) w\u00e4hrend der B\u00f6rse.<\/p>\n\n\n\n<div style=\"height:41px\" aria-hidden=\"true\" class=\"wp-block-spacer\"><\/div>\n\n\n\n<div class=\"wp-block-group\"><div class=\"wp-block-group__inner-container is-layout-constrained wp-block-group-is-layout-constrained\">\n<figure class=\"wp-block-gallery has-nested-images columns-default is-cropped wp-block-gallery-1 is-layout-flex wp-block-gallery-is-layout-flex\">\n<figure class=\"wp-block-image size-full is-style-default\"><img loading=\"lazy\" decoding=\"async\" width=\"421\" height=\"778\" src=\"https:\/\/www.pinguboerse.ch\/wp-content\/uploads\/2025\/04\/Dania-Caduff.jpg\" alt=\"\" class=\"wp-image-1078\" srcset=\"https:\/\/www.pinguboerse.ch\/wp-content\/uploads\/2025\/04\/Dania-Caduff.jpg 421w, https:\/\/www.pinguboerse.ch\/wp-content\/uploads\/2025\/04\/Dania-Caduff-162x300.jpg 162w\" sizes=\"auto, (max-width: 421px) 100vw, 421px\" \/><figcaption class=\"wp-element-caption\">Dania Caduff, Aktuarin<\/figcaption><\/figure>\n\n\n\n<figure class=\"wp-block-image size-full is-style-default\"><img loading=\"lazy\" decoding=\"async\" width=\"714\" height=\"999\" src=\"https:\/\/www.pinguboerse.ch\/wp-content\/uploads\/2021\/06\/JeanetteKunz-748x1024-1.jpg\" alt=\"\" class=\"wp-image-499\" srcset=\"https:\/\/www.pinguboerse.ch\/wp-content\/uploads\/2021\/06\/JeanetteKunz-748x1024-1.jpg 714w, https:\/\/www.pinguboerse.ch\/wp-content\/uploads\/2021\/06\/JeanetteKunz-748x1024-1-214x300.jpg 214w\" sizes=\"auto, (max-width: 714px) 100vw, 714px\" \/><figcaption class=\"wp-element-caption\">Jeanette Kunz, Kassierin\/Vizepr\u00e4sidentin<\/figcaption><\/figure>\n<\/figure>\n<\/div><\/div>\n\n\n\n<figure class=\"wp-block-gallery has-nested-images columns-default is-cropped wp-block-gallery-2 is-layout-flex wp-block-gallery-is-layout-flex\"><\/figure>\n","protected":false},"excerpt":{"rendered":"<p>Unser Verein Die Kinderkleider- und Spielzeugb\u00f6rse Pingu ist ein gemeinn\u00fctziger Verein in Domat\/Ems. Der Vorstand besteht aus Jeanette Kunz (Kassierin\/Vizepr\u00e4sidentin) und Dania Caduff (Aktuarin). Wir organisieren jeweils im Fr\u00fchling und Herbst eine B\u00f6rse in der Dreifachturnhalle Vial.&nbsp; 75% des Verkaufserl\u00f6ses &hellip; <a href=\"https:\/\/www.pinguboerse.ch\/index.php\/ueber-uns\/\">Weiterlesen <span class=\"meta-nav\">&rarr;<\/span><\/a><\/p>\n","protected":false},"author":1,"featured_media":0,"parent":0,"menu_order":2,"comment_status":"closed","ping_status":"closed","template":"","meta":{"_themeisle_gutenberg_block_has_review":false,"footnotes":""},"class_list":["post-7","page","type-page","status-publish","hentry"],"yoast_head":"<!-- This site is optimized with the Yoast SEO plugin v21.7 - https:\/\/yoast.com\/wordpress\/plugins\/seo\/ -->\n<title>\u00dcber uns - Pingub\u00f6rse<\/title>\n<meta name=\"description\" content=\"Die Kinderkleider- und Spielzeugb\u00f6rse Pingu ist ein gemeinn\u00fctziger Verein in Domat\/Ems. Der Vorstand besteht aus Sarah Major und Jeanette Kunz.\" \/>\n<meta name=\"robots\" content=\"index, follow, max-snippet:-1, max-image-preview:large, max-video-preview:-1\" \/>\n<link rel=\"canonical\" href=\"https:\/\/www.pinguboerse.ch\/index.php\/ueber-uns\/\" \/>\n<meta property=\"og:locale\" content=\"de_DE\" \/>\n<meta property=\"og:type\" content=\"article\" \/>\n<meta property=\"og:title\" content=\"\u00dcber uns - Pingub\u00f6rse\" \/>\n<meta property=\"og:description\" content=\"Die Kinderkleider- und Spielzeugb\u00f6rse Pingu ist ein gemeinn\u00fctziger Verein in Domat\/Ems. Der Vorstand besteht aus Sarah Major und Jeanette Kunz.\" \/>\n<meta property=\"og:url\" content=\"https:\/\/www.pinguboerse.ch\/index.php\/ueber-uns\/\" \/>\n<meta property=\"og:site_name\" content=\"Pingub\u00f6rse\" \/>\n<meta property=\"article:publisher\" content=\"https:\/\/de-de.facebook.com\/Pinguboerse\/\" \/>\n<meta property=\"article:modified_time\" content=\"2025-04-08T11:11:45+00:00\" \/>\n<meta property=\"og:image\" content=\"https:\/\/www.pinguboerse.ch\/wp-content\/uploads\/2025\/04\/Dania-Caduff.jpg\" \/>\n<meta name=\"twitter:card\" content=\"summary_large_image\" \/>\n<meta name=\"twitter:label1\" content=\"Gesch\u00e4tzte Lesezeit\" \/>\n\t<meta name=\"twitter:data1\" content=\"1\u00a0Minute\" \/>\n<script type=\"application\/ld+json\" class=\"yoast-schema-graph\">{\"@context\":\"https:\/\/schema.org\",\"@graph\":[{\"@type\":\"WebPage\",\"@id\":\"https:\/\/www.pinguboerse.ch\/index.php\/ueber-uns\/\",\"url\":\"https:\/\/www.pinguboerse.ch\/index.php\/ueber-uns\/\",\"name\":\"\u00dcber uns - Pingub\u00f6rse\",\"isPartOf\":{\"@id\":\"https:\/\/www.pinguboerse.ch\/#website\"},\"datePublished\":\"2020-12-16T16:10:58+00:00\",\"dateModified\":\"2025-04-08T11:11:45+00:00\",\"description\":\"Die Kinderkleider- und Spielzeugb\u00f6rse Pingu ist ein gemeinn\u00fctziger Verein in Domat\/Ems. Der Vorstand besteht aus Sarah Major und Jeanette Kunz.\",\"breadcrumb\":{\"@id\":\"https:\/\/www.pinguboerse.ch\/index.php\/ueber-uns\/#breadcrumb\"},\"inLanguage\":\"de\",\"potentialAction\":[{\"@type\":\"ReadAction\",\"target\":[\"https:\/\/www.pinguboerse.ch\/index.php\/ueber-uns\/\"]}]},{\"@type\":\"BreadcrumbList\",\"@id\":\"https:\/\/www.pinguboerse.ch\/index.php\/ueber-uns\/#breadcrumb\",\"itemListElement\":[{\"@type\":\"ListItem\",\"position\":1,\"name\":\"Startseite\",\"item\":\"https:\/\/www.pinguboerse.ch\/\"},{\"@type\":\"ListItem\",\"position\":2,\"name\":\"\u00dcber uns\"}]},{\"@type\":\"WebSite\",\"@id\":\"https:\/\/www.pinguboerse.ch\/#website\",\"url\":\"https:\/\/www.pinguboerse.ch\/\",\"name\":\"Fr\u00fchling und Herbst\",\"description\":\"Fr\u00fchling &amp; Herbst in Domat\/Ems\",\"potentialAction\":[{\"@type\":\"SearchAction\",\"target\":{\"@type\":\"EntryPoint\",\"urlTemplate\":\"https:\/\/www.pinguboerse.ch\/?s={search_term_string}\"},\"query-input\":\"required name=search_term_string\"}],\"inLanguage\":\"de\"}]}<\/script>\n<!-- \/ Yoast SEO plugin. -->","yoast_head_json":{"title":"\u00dcber uns - Pingub\u00f6rse","description":"Die Kinderkleider- und Spielzeugb\u00f6rse Pingu ist ein gemeinn\u00fctziger Verein in Domat\/Ems. Der Vorstand besteht aus Sarah Major und Jeanette Kunz.","robots":{"index":"index","follow":"follow","max-snippet":"max-snippet:-1","max-image-preview":"max-image-preview:large","max-video-preview":"max-video-preview:-1"},"canonical":"https:\/\/www.pinguboerse.ch\/index.php\/ueber-uns\/","og_locale":"de_DE","og_type":"article","og_title":"\u00dcber uns - Pingub\u00f6rse","og_description":"Die Kinderkleider- und Spielzeugb\u00f6rse Pingu ist ein gemeinn\u00fctziger Verein in Domat\/Ems. Der Vorstand besteht aus Sarah Major und Jeanette Kunz.","og_url":"https:\/\/www.pinguboerse.ch\/index.php\/ueber-uns\/","og_site_name":"Pingub\u00f6rse","article_publisher":"https:\/\/de-de.facebook.com\/Pinguboerse\/","article_modified_time":"2025-04-08T11:11:45+00:00","og_image":[{"url":"https:\/\/www.pinguboerse.ch\/wp-content\/uploads\/2025\/04\/Dania-Caduff.jpg"}],"twitter_card":"summary_large_image","twitter_misc":{"Gesch\u00e4tzte Lesezeit":"1\u00a0Minute"},"schema":{"@context":"https:\/\/schema.org","@graph":[{"@type":"WebPage","@id":"https:\/\/www.pinguboerse.ch\/index.php\/ueber-uns\/","url":"https:\/\/www.pinguboerse.ch\/index.php\/ueber-uns\/","name":"\u00dcber uns - Pingub\u00f6rse","isPartOf":{"@id":"https:\/\/www.pinguboerse.ch\/#website"},"datePublished":"2020-12-16T16:10:58+00:00","dateModified":"2025-04-08T11:11:45+00:00","description":"Die Kinderkleider- und Spielzeugb\u00f6rse Pingu ist ein gemeinn\u00fctziger Verein in Domat\/Ems. Der Vorstand besteht aus Sarah Major und Jeanette Kunz.","breadcrumb":{"@id":"https:\/\/www.pinguboerse.ch\/index.php\/ueber-uns\/#breadcrumb"},"inLanguage":"de","potentialAction":[{"@type":"ReadAction","target":["https:\/\/www.pinguboerse.ch\/index.php\/ueber-uns\/"]}]},{"@type":"BreadcrumbList","@id":"https:\/\/www.pinguboerse.ch\/index.php\/ueber-uns\/#breadcrumb","itemListElement":[{"@type":"ListItem","position":1,"name":"Startseite","item":"https:\/\/www.pinguboerse.ch\/"},{"@type":"ListItem","position":2,"name":"\u00dcber uns"}]},{"@type":"WebSite","@id":"https:\/\/www.pinguboerse.ch\/#website","url":"https:\/\/www.pinguboerse.ch\/","name":"Fr\u00fchling und Herbst","description":"Fr\u00fchling &amp; Herbst in Domat\/Ems","potentialAction":[{"@type":"SearchAction","target":{"@type":"EntryPoint","urlTemplate":"https:\/\/www.pinguboerse.ch\/?s={search_term_string}"},"query-input":"required name=search_term_string"}],"inLanguage":"de"}]}},"_links":{"self":[{"href":"https:\/\/www.pinguboerse.ch\/index.php\/wp-json\/wp\/v2\/pages\/7","targetHints":{"allow":["GET"]}}],"collection":[{"href":"https:\/\/www.pinguboerse.ch\/index.php\/wp-json\/wp\/v2\/pages"}],"about":[{"href":"https:\/\/www.pinguboerse.ch\/index.php\/wp-json\/wp\/v2\/types\/page"}],"author":[{"embeddable":true,"href":"https:\/\/www.pinguboerse.ch\/index.php\/wp-json\/wp\/v2\/users\/1"}],"replies":[{"embeddable":true,"href":"https:\/\/www.pinguboerse.ch\/index.php\/wp-json\/wp\/v2\/comments?post=7"}],"version-history":[{"count":39,"href":"https:\/\/www.pinguboerse.ch\/index.php\/wp-json\/wp\/v2\/pages\/7\/revisions"}],"predecessor-version":[{"id":1089,"href":"https:\/\/www.pinguboerse.ch\/index.php\/wp-json\/wp\/v2\/pages\/7\/revisions\/1089"}],"wp:attachment":[{"href":"https:\/\/www.pinguboerse.ch\/index.php\/wp-json\/wp\/v2\/media?parent=7"}],"curies":[{"name":"wp","href":"https:\/\/api.w.org\/{rel}","templated":true}]}}