{"id":970,"date":"2024-01-08T16:22:45","date_gmt":"2024-01-08T16:22:45","guid":{"rendered":"https:\/\/www.pinguboerse.ch\/?page_id=970"},"modified":"2025-11-10T12:22:03","modified_gmt":"2025-11-10T12:22:03","slug":"verkauf-2","status":"publish","type":"page","link":"https:\/\/www.pinguboerse.ch\/index.php\/verkauf-2\/","title":{"rendered":"Verkauf"},"content":{"rendered":"\n<figure class=\"wp-block-image size-full is-style-default\"><img loading=\"lazy\" decoding=\"async\" width=\"900\" height=\"600\" src=\"https:\/\/www.pinguboerse.ch\/wp-content\/uploads\/2025\/01\/photo-1560506840-ec148e82a604.webp\" alt=\"\" class=\"wp-image-1053\" srcset=\"https:\/\/www.pinguboerse.ch\/wp-content\/uploads\/2025\/01\/photo-1560506840-ec148e82a604.webp 900w, https:\/\/www.pinguboerse.ch\/wp-content\/uploads\/2025\/01\/photo-1560506840-ec148e82a604-300x200.webp 300w, https:\/\/www.pinguboerse.ch\/wp-content\/uploads\/2025\/01\/photo-1560506840-ec148e82a604-768x512.webp 768w, https:\/\/www.pinguboerse.ch\/wp-content\/uploads\/2025\/01\/photo-1560506840-ec148e82a604-450x300.webp 450w\" sizes=\"auto, (max-width: 900px) 100vw, 900px\" \/><\/figure>\n\n\n\n<h1 class=\"wp-block-heading\"><strong>M\u00f6chtest du Ware verkaufen?<\/strong><\/h1>\n\n\n\n<p><strong>Warenannahme<\/strong><br>Samstag, 14. M\u00e4rz 2026, 8.30\u201310.30 Uhr<\/p>\n\n\n\n<p><strong>\u00d6ffentlicher Verkauf<\/strong><br>Samstag, 14. M\u00e4rz 2026, 14.00\u201316.00 Uhr<\/p>\n\n\n\n<p><strong>Auszahlung und R\u00fcckgabe<\/strong><br>Samstag, 14. M\u00e4rz 2026, 18.00\u201318.30 Uhr<\/p>\n\n\n\n<h4 class=\"wp-block-heading\"><strong>M\u00f6chtest du Ware verkaufen?<\/strong><\/h4>\n\n\n\n<p>Die Kinderkleider- &amp; Spielzeugb\u00f6rse Pingu arbeitet mit der B\u00f6rsen-Software Basarlino. Um Artikel bei uns verkaufen zu k\u00f6nnen, musst du dich <a href=\"https:\/\/basarlino.de\/PA44\" target=\"_blank\" rel=\"noreferrer noopener\">hie<\/a><a href=\"https:\/\/basarlino.de\/RY44\">r<\/a> registrieren. <\/p>\n\n\n\n<p><strong><a href=\"https:\/\/www.pinguboerse.ch\/wp-content\/uploads\/2024\/01\/Anleitung-basarlino.pdf\">Anleitung Basarlino-App<\/a><\/strong><\/p>\n\n\n\n<p><a href=\"https:\/\/www.pinguboerse.ch\/wp-content\/uploads\/2024\/01\/Was-wird-angenommen.pdf\">Welche Artikel werden angenommen<\/a><\/p>\n\n\n\n<hr class=\"wp-block-separator has-css-opacity\"\/>\n","protected":false},"excerpt":{"rendered":"<p>M\u00f6chtest du Ware verkaufen? WarenannahmeSamstag, 14. M\u00e4rz 2026, 8.30\u201310.30 Uhr \u00d6ffentlicher VerkaufSamstag, 14. M\u00e4rz 2026, 14.00\u201316.00 Uhr Auszahlung und R\u00fcckgabeSamstag, 14. M\u00e4rz 2026, 18.00\u201318.30 Uhr M\u00f6chtest du Ware verkaufen? Die Kinderkleider- &amp; Spielzeugb\u00f6rse Pingu arbeitet mit der B\u00f6rsen-Software Basarlino. Um &hellip; <a href=\"https:\/\/www.pinguboerse.ch\/index.php\/verkauf-2\/\">Weiterlesen <span class=\"meta-nav\">&rarr;<\/span><\/a><\/p>\n","protected":false},"author":1,"featured_media":0,"parent":0,"menu_order":0,"comment_status":"closed","ping_status":"closed","template":"","meta":{"_themeisle_gutenberg_block_has_review":false,"footnotes":""},"class_list":["post-970","page","type-page","status-publish","hentry"],"yoast_head":"<!-- This site is optimized with the Yoast SEO plugin v21.7 - https:\/\/yoast.com\/wordpress\/plugins\/seo\/ -->\n<title>Verkauf - Pingub\u00f6rse<\/title>\n<meta name=\"robots\" content=\"index, follow, max-snippet:-1, max-image-preview:large, max-video-preview:-1\" \/>\n<link rel=\"canonical\" href=\"https:\/\/www.pinguboerse.ch\/index.php\/verkauf-2\/\" \/>\n<meta property=\"og:locale\" content=\"de_DE\" \/>\n<meta property=\"og:type\" content=\"article\" \/>\n<meta property=\"og:title\" content=\"Verkauf - Pingub\u00f6rse\" \/>\n<meta property=\"og:description\" content=\"M\u00f6chtest du Ware verkaufen? WarenannahmeSamstag, 14. M\u00e4rz 2026, 8.30\u201310.30 Uhr \u00d6ffentlicher VerkaufSamstag, 14. M\u00e4rz 2026, 14.00\u201316.00 Uhr Auszahlung und R\u00fcckgabeSamstag, 14. M\u00e4rz 2026, 18.00\u201318.30 Uhr M\u00f6chtest du Ware verkaufen? Die Kinderkleider- &amp; Spielzeugb\u00f6rse Pingu arbeitet mit der B\u00f6rsen-Software Basarlino. Um &hellip; Weiterlesen &rarr;\" \/>\n<meta property=\"og:url\" content=\"https:\/\/www.pinguboerse.ch\/index.php\/verkauf-2\/\" \/>\n<meta property=\"og:site_name\" content=\"Pingub\u00f6rse\" \/>\n<meta property=\"article:publisher\" content=\"https:\/\/de-de.facebook.com\/Pinguboerse\/\" \/>\n<meta property=\"article:modified_time\" content=\"2025-11-10T12:22:03+00:00\" \/>\n<meta property=\"og:image\" content=\"https:\/\/www.pinguboerse.ch\/wp-content\/uploads\/2025\/01\/photo-1560506840-ec148e82a604.webp\" \/>\n<meta name=\"twitter:card\" content=\"summary_large_image\" \/>\n<meta name=\"twitter:label1\" content=\"Gesch\u00e4tzte Lesezeit\" \/>\n\t<meta name=\"twitter:data1\" content=\"1\u00a0Minute\" \/>\n<script type=\"application\/ld+json\" class=\"yoast-schema-graph\">{\"@context\":\"https:\/\/schema.org\",\"@graph\":[{\"@type\":\"WebPage\",\"@id\":\"https:\/\/www.pinguboerse.ch\/index.php\/verkauf-2\/\",\"url\":\"https:\/\/www.pinguboerse.ch\/index.php\/verkauf-2\/\",\"name\":\"Verkauf - Pingub\u00f6rse\",\"isPartOf\":{\"@id\":\"https:\/\/www.pinguboerse.ch\/#website\"},\"datePublished\":\"2024-01-08T16:22:45+00:00\",\"dateModified\":\"2025-11-10T12:22:03+00:00\",\"breadcrumb\":{\"@id\":\"https:\/\/www.pinguboerse.ch\/index.php\/verkauf-2\/#breadcrumb\"},\"inLanguage\":\"de\",\"potentialAction\":[{\"@type\":\"ReadAction\",\"target\":[\"https:\/\/www.pinguboerse.ch\/index.php\/verkauf-2\/\"]}]},{\"@type\":\"BreadcrumbList\",\"@id\":\"https:\/\/www.pinguboerse.ch\/index.php\/verkauf-2\/#breadcrumb\",\"itemListElement\":[{\"@type\":\"ListItem\",\"position\":1,\"name\":\"Startseite\",\"item\":\"https:\/\/www.pinguboerse.ch\/\"},{\"@type\":\"ListItem\",\"position\":2,\"name\":\"Verkauf\"}]},{\"@type\":\"WebSite\",\"@id\":\"https:\/\/www.pinguboerse.ch\/#website\",\"url\":\"https:\/\/www.pinguboerse.ch\/\",\"name\":\"Fr\u00fchling und Herbst\",\"description\":\"Fr\u00fchling &amp; Herbst in Domat\/Ems\",\"potentialAction\":[{\"@type\":\"SearchAction\",\"target\":{\"@type\":\"EntryPoint\",\"urlTemplate\":\"https:\/\/www.pinguboerse.ch\/?s={search_term_string}\"},\"query-input\":\"required name=search_term_string\"}],\"inLanguage\":\"de\"}]}<\/script>\n<!-- \/ Yoast SEO plugin. -->","yoast_head_json":{"title":"Verkauf - Pingub\u00f6rse","robots":{"index":"index","follow":"follow","max-snippet":"max-snippet:-1","max-image-preview":"max-image-preview:large","max-video-preview":"max-video-preview:-1"},"canonical":"https:\/\/www.pinguboerse.ch\/index.php\/verkauf-2\/","og_locale":"de_DE","og_type":"article","og_title":"Verkauf - Pingub\u00f6rse","og_description":"M\u00f6chtest du Ware verkaufen? WarenannahmeSamstag, 14. M\u00e4rz 2026, 8.30\u201310.30 Uhr \u00d6ffentlicher VerkaufSamstag, 14. M\u00e4rz 2026, 14.00\u201316.00 Uhr Auszahlung und R\u00fcckgabeSamstag, 14. M\u00e4rz 2026, 18.00\u201318.30 Uhr M\u00f6chtest du Ware verkaufen? Die Kinderkleider- &amp; Spielzeugb\u00f6rse Pingu arbeitet mit der B\u00f6rsen-Software Basarlino. Um &hellip; Weiterlesen &rarr;","og_url":"https:\/\/www.pinguboerse.ch\/index.php\/verkauf-2\/","og_site_name":"Pingub\u00f6rse","article_publisher":"https:\/\/de-de.facebook.com\/Pinguboerse\/","article_modified_time":"2025-11-10T12:22:03+00:00","og_image":[{"url":"https:\/\/www.pinguboerse.ch\/wp-content\/uploads\/2025\/01\/photo-1560506840-ec148e82a604.webp"}],"twitter_card":"summary_large_image","twitter_misc":{"Gesch\u00e4tzte Lesezeit":"1\u00a0Minute"},"schema":{"@context":"https:\/\/schema.org","@graph":[{"@type":"WebPage","@id":"https:\/\/www.pinguboerse.ch\/index.php\/verkauf-2\/","url":"https:\/\/www.pinguboerse.ch\/index.php\/verkauf-2\/","name":"Verkauf - Pingub\u00f6rse","isPartOf":{"@id":"https:\/\/www.pinguboerse.ch\/#website"},"datePublished":"2024-01-08T16:22:45+00:00","dateModified":"2025-11-10T12:22:03+00:00","breadcrumb":{"@id":"https:\/\/www.pinguboerse.ch\/index.php\/verkauf-2\/#breadcrumb"},"inLanguage":"de","potentialAction":[{"@type":"ReadAction","target":["https:\/\/www.pinguboerse.ch\/index.php\/verkauf-2\/"]}]},{"@type":"BreadcrumbList","@id":"https:\/\/www.pinguboerse.ch\/index.php\/verkauf-2\/#breadcrumb","itemListElement":[{"@type":"ListItem","position":1,"name":"Startseite","item":"https:\/\/www.pinguboerse.ch\/"},{"@type":"ListItem","position":2,"name":"Verkauf"}]},{"@type":"WebSite","@id":"https:\/\/www.pinguboerse.ch\/#website","url":"https:\/\/www.pinguboerse.ch\/","name":"Fr\u00fchling und Herbst","description":"Fr\u00fchling &amp; Herbst in Domat\/Ems","potentialAction":[{"@type":"SearchAction","target":{"@type":"EntryPoint","urlTemplate":"https:\/\/www.pinguboerse.ch\/?s={search_term_string}"},"query-input":"required name=search_term_string"}],"inLanguage":"de"}]}},"_links":{"self":[{"href":"https:\/\/www.pinguboerse.ch\/index.php\/wp-json\/wp\/v2\/pages\/970","targetHints":{"allow":["GET"]}}],"collection":[{"href":"https:\/\/www.pinguboerse.ch\/index.php\/wp-json\/wp\/v2\/pages"}],"about":[{"href":"https:\/\/www.pinguboerse.ch\/index.php\/wp-json\/wp\/v2\/types\/page"}],"author":[{"embeddable":true,"href":"https:\/\/www.pinguboerse.ch\/index.php\/wp-json\/wp\/v2\/users\/1"}],"replies":[{"embeddable":true,"href":"https:\/\/www.pinguboerse.ch\/index.php\/wp-json\/wp\/v2\/comments?post=970"}],"version-history":[{"count":12,"href":"https:\/\/www.pinguboerse.ch\/index.php\/wp-json\/wp\/v2\/pages\/970\/revisions"}],"predecessor-version":[{"id":1099,"href":"https:\/\/www.pinguboerse.ch\/index.php\/wp-json\/wp\/v2\/pages\/970\/revisions\/1099"}],"wp:attachment":[{"href":"https:\/\/www.pinguboerse.ch\/index.php\/wp-json\/wp\/v2\/media?parent=970"}],"curies":[{"name":"wp","href":"https:\/\/api.w.org\/{rel}","templated":true}]}}